{"id":31474,"date":"2021-08-10T14:32:18","date_gmt":"2021-08-10T12:32:18","guid":{"rendered":"https:\/\/www.chateau-de-montaupin.com\/our-services\/"},"modified":"2021-08-10T14:32:23","modified_gmt":"2021-08-10T12:32:23","slug":"our-services","status":"publish","type":"page","link":"https:\/\/www.chateau-de-montaupin.com\/en\/our-services\/","title":{"rendered":"Our services"},"content":{"rendered":"\t\t<div class=\"activities-wrapper columns-2\">\r\n\t\t<article id=\"post-35190\" class=\"post-35190 cptp-activity type-cptp-activity status-publish has-post-thumbnail hentry\">\n\n    <a class=\"post-thumbnail\" href=\"https:\/\/www.chateau-de-montaupin.com\/en\/activity\/tennis-de-table\/\" aria-hidden=\"true\">\n        <img fetchpriority=\"high\" decoding=\"async\" width=\"612\" height=\"409\" src=\"https:\/\/www.chateau-de-montaupin.com\/wp-content\/uploads\/2022\/03\/istockphoto-502189498-612x612-1.jpeg\" class=\"attachment-alpenhouse-post-thumbnail-cropped size-alpenhouse-post-thumbnail-cropped wp-post-image\" alt=\"Tennis de table\" srcset=\"https:\/\/www.chateau-de-montaupin.com\/wp-content\/uploads\/2022\/03\/istockphoto-502189498-612x612-1.jpeg 612w, https:\/\/www.chateau-de-montaupin.com\/wp-content\/uploads\/2022\/03\/istockphoto-502189498-612x612-1-300x200.jpeg 300w\" sizes=\"(max-width: 612px) 100vw, 612px\" \/>        <div class=\"thumbnail-overlay\"><\/div>\n    <\/a>\n    <div class=\"activity-summary\">\n        <header class=\"entry-header\">\n            <h2 class=\"entry-title\"><a href=\"https:\/\/www.chateau-de-montaupin.com\/en\/activity\/tennis-de-table\/\" rel=\"bookmark\">Tennis de table<\/a><\/h2>        <\/header><!-- .entry-header -->\n        <div class=\"entry-content\">\n        <p><span style=\"font-weight: 400;\">Parmi les activit\u00e9s de plein air propos\u00e9es par le ch\u00e2teau de Montaupin, vous pouvez jouer au tennis de table.\u00a0<\/span><\/p>\n<p><a class=\"more-link\" href=\"https:\/\/www.chateau-de-montaupin.com\/en\/activity\/tennis-de-table\/\">En savoir plus<\/a><\/p>\n    <\/div><!-- .entry-content -->\n    <\/div>\n<\/article><!-- #post-35190 --><article id=\"post-33576\" class=\"post-33576 cptp-activity type-cptp-activity status-publish has-post-thumbnail hentry\">\n\n    <a class=\"post-thumbnail\" href=\"https:\/\/www.chateau-de-montaupin.com\/en\/activity\/atelier-de-peinture-et-ou-carnet-de-voyage\/\" aria-hidden=\"true\">\n        <img decoding=\"async\" width=\"768\" height=\"480\" src=\"https:\/\/www.chateau-de-montaupin.com\/wp-content\/uploads\/2021\/10\/IMG_5093-1-1-768x480.jpg\" class=\"attachment-alpenhouse-post-thumbnail-cropped size-alpenhouse-post-thumbnail-cropped wp-post-image\" alt=\"Atelier de peinture et\/ou carnet de voyage\" \/>        <div class=\"thumbnail-overlay\"><\/div>\n    <\/a>\n    <div class=\"activity-summary\">\n        <header class=\"entry-header\">\n            <h2 class=\"entry-title\"><a href=\"https:\/\/www.chateau-de-montaupin.com\/en\/activity\/atelier-de-peinture-et-ou-carnet-de-voyage\/\" rel=\"bookmark\">Atelier de peinture et\/ou carnet de voyage<\/a><\/h2>                    <div class=\"pricing\">\n                        <span>Price:<\/span>\n                        <span class=\"price\">80\u20ac<\/span>\n                                                    <span class=\"period\"> \/ personne<\/span>\n                                                <\/div>\n                            <\/header><!-- .entry-header -->\n        <div class=\"entry-content\">\n        <div>Faites-vous plaisir si vous \u00eates seul(e), en couple, en famille ou avec des amis \u00e0 peindre au ch\u00e2teau de Montaupin. La peintre sarthoise, Josy Here, vous accompagnera pendant deux heures en peignant votre aquarelle.<\/div>\n<p><a class=\"more-link\" href=\"https:\/\/www.chateau-de-montaupin.com\/en\/activity\/atelier-de-peinture-et-ou-carnet-de-voyage\/\">En savoir plus<\/a><\/p>\n    <\/div><!-- .entry-content -->\n    <\/div>\n<\/article><!-- #post-33576 --><article id=\"post-149\" class=\"post-149 cptp-activity type-cptp-activity status-publish has-post-thumbnail hentry\">\n\n    <a class=\"post-thumbnail\" href=\"https:\/\/www.chateau-de-montaupin.com\/en\/activity\/table-hotes\/\" aria-hidden=\"true\">\n        <img decoding=\"async\" width=\"768\" height=\"480\" src=\"https:\/\/www.chateau-de-montaupin.com\/wp-content\/uploads\/2021\/06\/Dinningr1-1-768x480.png\" class=\"attachment-alpenhouse-post-thumbnail-cropped size-alpenhouse-post-thumbnail-cropped wp-post-image\" alt=\"T\u00e2ble d&#8217;h\u00f4tes\" \/>        <div class=\"thumbnail-overlay\"><\/div>\n    <\/a>\n    <div class=\"activity-summary\">\n        <header class=\"entry-header\">\n            <h2 class=\"entry-title\"><a href=\"https:\/\/www.chateau-de-montaupin.com\/en\/activity\/table-hotes\/\" rel=\"bookmark\">T\u00e2ble d&#8217;h\u00f4tes<\/a><\/h2>                    <div class=\"pricing\">\n                        <span>Price:<\/span>\n                        <span class=\"price\">40\u20ac<\/span>\n                                                    <span class=\"period\"> \/ personne<\/span>\n                                                <\/div>\n                            <\/header><!-- .entry-header -->\n        <div class=\"entry-content\">\n        <p>Nous sommes heureux de vous offrir une table d\u2019h\u00f4tes, midi et\/ou soir, avec les saveurs du terroir et le go\u00fbt de la m\u00e9diterran\u00e9e. Enrichis du potager bio du ch\u00e2teau, nos plats vous seront servis en prenant en consid\u00e9ration vos allergies et vos intol\u00e9rances.<\/p>\n<p><a class=\"more-link\" href=\"https:\/\/www.chateau-de-montaupin.com\/en\/activity\/table-hotes\/\">En savoir plus<\/a><\/p>\n    <\/div><!-- .entry-content -->\n    <\/div>\n<\/article><!-- #post-149 --><article id=\"post-29784\" class=\"post-29784 cptp-activity type-cptp-activity status-publish has-post-thumbnail hentry\">\n\n    <a class=\"post-thumbnail\" href=\"https:\/\/www.chateau-de-montaupin.com\/en\/activity\/cave-a-vin\/\" aria-hidden=\"true\">\n        <img loading=\"lazy\" decoding=\"async\" width=\"768\" height=\"480\" src=\"https:\/\/www.chateau-de-montaupin.com\/wp-content\/uploads\/2021\/06\/Cave-a-vin-chateau-montaupin-768x480.jpg\" class=\"attachment-alpenhouse-post-thumbnail-cropped size-alpenhouse-post-thumbnail-cropped wp-post-image\" alt=\"Cave \u00e0 vin\" srcset=\"https:\/\/www.chateau-de-montaupin.com\/wp-content\/uploads\/2021\/06\/Cave-a-vin-chateau-montaupin-768x480.jpg 768w, https:\/\/www.chateau-de-montaupin.com\/wp-content\/uploads\/2021\/06\/Cave-a-vin-chateau-montaupin-1280x800.jpg 1280w\" sizes=\"(max-width: 768px) 100vw, 768px\" \/>        <div class=\"thumbnail-overlay\"><\/div>\n    <\/a>\n    <div class=\"activity-summary\">\n        <header class=\"entry-header\">\n            <h2 class=\"entry-title\"><a href=\"https:\/\/www.chateau-de-montaupin.com\/en\/activity\/cave-a-vin\/\" rel=\"bookmark\">Cave \u00e0 vin<\/a><\/h2>                    <div class=\"pricing\">\n                        <span>Price:<\/span>\n                        <span class=\"price\">Prix \u00e0 la bouteille<\/span>\n                                            <\/div>\n                            <\/header><!-- .entry-header -->\n        <div class=\"entry-content\">\n        <p>Les h\u00f4tes du ch\u00e2teau auront le plaisir de pouvoir d\u00e9guster le vin de la r\u00e9gion ainsi que d&#8217;autres boissons non-alcoolis\u00e9es et alcoolis\u00e9es. Le go\u00fbt raffin\u00e9 du propri\u00e9taire pour le whisky tourb\u00e9 vous fera d\u00e9couvrir les secrets de la part des anges&#8230;<\/p>\n<p><a class=\"more-link\" href=\"https:\/\/www.chateau-de-montaupin.com\/en\/activity\/cave-a-vin\/\">En savoir plus<\/a><\/p>\n    <\/div><!-- .entry-content -->\n    <\/div>\n<\/article><!-- #post-29784 --><article id=\"post-29791\" class=\"post-29791 cptp-activity type-cptp-activity status-publish has-post-thumbnail hentry\">\n\n    <a class=\"post-thumbnail\" href=\"https:\/\/www.chateau-de-montaupin.com\/en\/activity\/transport-vers-et-du-chateau\/\" aria-hidden=\"true\">\n        <img loading=\"lazy\" decoding=\"async\" width=\"600\" height=\"400\" src=\"https:\/\/www.chateau-de-montaupin.com\/wp-content\/uploads\/2021\/06\/Location-de-voiture-avec-chauffeur-main-sur-portiere.jpeg\" class=\"attachment-alpenhouse-post-thumbnail-cropped size-alpenhouse-post-thumbnail-cropped wp-post-image\" alt=\"Transport vers et du ch\u00e2teau\" srcset=\"https:\/\/www.chateau-de-montaupin.com\/wp-content\/uploads\/2021\/06\/Location-de-voiture-avec-chauffeur-main-sur-portiere.jpeg 600w, https:\/\/www.chateau-de-montaupin.com\/wp-content\/uploads\/2021\/06\/Location-de-voiture-avec-chauffeur-main-sur-portiere-300x200.jpeg 300w, https:\/\/www.chateau-de-montaupin.com\/wp-content\/uploads\/2021\/06\/Location-de-voiture-avec-chauffeur-main-sur-portiere-405x270.jpeg 405w\" sizes=\"(max-width: 600px) 100vw, 600px\" \/>        <div class=\"thumbnail-overlay\"><\/div>\n    <\/a>\n    <div class=\"activity-summary\">\n        <header class=\"entry-header\">\n            <h2 class=\"entry-title\"><a href=\"https:\/\/www.chateau-de-montaupin.com\/en\/activity\/transport-vers-et-du-chateau\/\" rel=\"bookmark\">Transport vers et du ch\u00e2teau<\/a><\/h2>                    <div class=\"pricing\">\n                        <span>Price:<\/span>\n                        <span class=\"price\">Sur demande<\/span>\n                                            <\/div>\n                            <\/header><!-- .entry-header -->\n        <div class=\"entry-content\">\n        <p>N&#8217;h\u00e9sitez pas \u00e0 nous solliciter pour vos transports vers et du ch\u00e2teau en direction de la gare ou de l&#8217;a\u00e9roport. Nous chercherons avec vous toujours les bonnes solutions. C&#8217;est un service factur\u00e9 en plus et sur r\u00e9servation \u00e0 l&#8217;avance.<\/p>\n<p><a class=\"more-link\" href=\"https:\/\/www.chateau-de-montaupin.com\/en\/activity\/transport-vers-et-du-chateau\/\">En savoir plus<\/a><\/p>\n    <\/div><!-- .entry-content -->\n    <\/div>\n<\/article><!-- #post-29791 --><article id=\"post-146\" class=\"post-146 cptp-activity type-cptp-activity status-publish has-post-thumbnail hentry\">\n\n    <a class=\"post-thumbnail\" href=\"https:\/\/www.chateau-de-montaupin.com\/en\/activity\/petanque\/\" aria-hidden=\"true\">\n        <img loading=\"lazy\" decoding=\"async\" width=\"768\" height=\"480\" src=\"https:\/\/www.chateau-de-montaupin.com\/wp-content\/uploads\/2021\/08\/Petanque1-768x480.jpg\" class=\"attachment-alpenhouse-post-thumbnail-cropped size-alpenhouse-post-thumbnail-cropped wp-post-image\" alt=\"P\u00e9tanque\" \/>        <div class=\"thumbnail-overlay\"><\/div>\n    <\/a>\n    <div class=\"activity-summary\">\n        <header class=\"entry-header\">\n            <h2 class=\"entry-title\"><a href=\"https:\/\/www.chateau-de-montaupin.com\/en\/activity\/petanque\/\" rel=\"bookmark\">P\u00e9tanque<\/a><\/h2>                    <div class=\"pricing\">\n                        <span>Price:<\/span>\n                        <span class=\"price\">Gratuit<\/span>\n                                                    <span class=\"period\"> \/ 2 heures<\/span>\n                                                <\/div>\n                            <\/header><!-- .entry-header -->\n        <div class=\"entry-content\">\n        <div>Dans le parc du ch\u00e2teau de Montaupin, vous pourrez jouer \u00e0 la p\u00e9tanque et profiter du cadre idyllique qui vous entoure.<\/div>\n<div>Nous vous fournirons\u00a0les balles et vous pourrez jouer \u00e0 la p\u00e9tanque \u00e0 2, \u00e0 3 et plus.<\/div>\n<div><\/div>\n<p><a class=\"more-link\" href=\"https:\/\/www.chateau-de-montaupin.com\/en\/activity\/petanque\/\">En savoir plus<\/a><\/p>\n    <\/div><!-- .entry-content -->\n    <\/div>\n<\/article><!-- #post-146 --><article id=\"post-143\" class=\"post-143 cptp-activity type-cptp-activity status-publish has-post-thumbnail hentry\">\n\n    <a class=\"post-thumbnail\" href=\"https:\/\/www.chateau-de-montaupin.com\/en\/activity\/piscine-plein-air\/\" aria-hidden=\"true\">\n        <img loading=\"lazy\" decoding=\"async\" width=\"768\" height=\"480\" src=\"https:\/\/www.chateau-de-montaupin.com\/wp-content\/uploads\/2021\/08\/Pool-1-768x480.jpg\" class=\"attachment-alpenhouse-post-thumbnail-cropped size-alpenhouse-post-thumbnail-cropped wp-post-image\" alt=\"Piscine plein air\" \/>        <div class=\"thumbnail-overlay\"><\/div>\n    <\/a>\n    <div class=\"activity-summary\">\n        <header class=\"entry-header\">\n            <h2 class=\"entry-title\"><a href=\"https:\/\/www.chateau-de-montaupin.com\/en\/activity\/piscine-plein-air\/\" rel=\"bookmark\">Piscine plein air<\/a><\/h2>                    <div class=\"pricing\">\n                        <span>Price:<\/span>\n                        <span class=\"price\">Gratuit<\/span>\n                                            <\/div>\n                            <\/header><!-- .entry-header -->\n        <div class=\"entry-content\">\n        <p>Au milieu du parc et entour\u00e9e d&#8217;arbres pluricentenaires avec une vue sur les douves et sur le ch\u00e2teau, la piscine chauff\u00e9e vous accueille de juin-septembre. Bien entretenue, la piscine du ch\u00e2teau constitue une vraie valeur ajout\u00e9e \u00e0 votre s\u00e9jour.<\/p>\n<p><a class=\"more-link\" href=\"https:\/\/www.chateau-de-montaupin.com\/en\/activity\/piscine-plein-air\/\">En savoir plus<\/a><\/p>\n    <\/div><!-- .entry-content -->\n    <\/div>\n<\/article><!-- #post-143 -->\t\t<\/div>\r\n\t\t\n","protected":false},"excerpt":{"rendered":"","protected":false},"author":1,"featured_media":0,"parent":0,"menu_order":0,"comment_status":"closed","ping_status":"closed","template":"","meta":{"footnotes":""},"class_list":["post-31474","page","type-page","status-publish","hentry"],"yoast_head":"<!-- This site is optimized with the Yoast SEO plugin v26.8 - https:\/\/yoast.com\/product\/yoast-seo-wordpress\/ -->\n<title>Our services - Ch\u00e2teau De Montaupin<\/title>\n<meta name=\"robots\" content=\"index, follow, max-snippet:-1, max-image-preview:large, max-video-preview:-1\" \/>\n<link rel=\"canonical\" href=\"https:\/\/www.chateau-de-montaupin.com\/nos-prestations\/\" \/>\n<meta property=\"og:locale\" content=\"en_US\" \/>\n<meta property=\"og:type\" content=\"article\" \/>\n<meta property=\"og:title\" content=\"Our services - Ch\u00e2teau De Montaupin\" \/>\n<meta property=\"og:url\" content=\"https:\/\/www.chateau-de-montaupin.com\/nos-prestations\/\" \/>\n<meta property=\"og:site_name\" content=\"Ch\u00e2teau De Montaupin\" \/>\n<meta property=\"article:modified_time\" content=\"2021-08-10T12:32:23+00:00\" \/>\n<meta name=\"twitter:card\" content=\"summary_large_image\" \/>\n<script type=\"application\/ld+json\" class=\"yoast-schema-graph\">{\"@context\":\"https:\/\/schema.org\",\"@graph\":[{\"@type\":\"WebPage\",\"@id\":\"https:\/\/www.chateau-de-montaupin.com\/nos-prestations\/\",\"url\":\"https:\/\/www.chateau-de-montaupin.com\/nos-prestations\/\",\"name\":\"Our services - Ch\u00e2teau De Montaupin\",\"isPartOf\":{\"@id\":\"https:\/\/www.chateau-de-montaupin.com\/#website\"},\"datePublished\":\"2021-08-10T12:32:18+00:00\",\"dateModified\":\"2021-08-10T12:32:23+00:00\",\"breadcrumb\":{\"@id\":\"https:\/\/www.chateau-de-montaupin.com\/nos-prestations\/#breadcrumb\"},\"inLanguage\":\"en-US\",\"potentialAction\":[{\"@type\":\"ReadAction\",\"target\":[\"https:\/\/www.chateau-de-montaupin.com\/nos-prestations\/\"]}]},{\"@type\":\"BreadcrumbList\",\"@id\":\"https:\/\/www.chateau-de-montaupin.com\/nos-prestations\/#breadcrumb\",\"itemListElement\":[{\"@type\":\"ListItem\",\"position\":1,\"name\":\"Accueil\",\"item\":\"https:\/\/www.chateau-de-montaupin.com\/\"},{\"@type\":\"ListItem\",\"position\":2,\"name\":\"Our services\"}]},{\"@type\":\"WebSite\",\"@id\":\"https:\/\/www.chateau-de-montaupin.com\/#website\",\"url\":\"https:\/\/www.chateau-de-montaupin.com\/\",\"name\":\"Ch\u00e2teau De Montaupin\",\"description\":\"Votre s\u00e9jour tout confort\",\"publisher\":{\"@id\":\"https:\/\/www.chateau-de-montaupin.com\/#organization\"},\"potentialAction\":[{\"@type\":\"SearchAction\",\"target\":{\"@type\":\"EntryPoint\",\"urlTemplate\":\"https:\/\/www.chateau-de-montaupin.com\/?s={search_term_string}\"},\"query-input\":{\"@type\":\"PropertyValueSpecification\",\"valueRequired\":true,\"valueName\":\"search_term_string\"}}],\"inLanguage\":\"en-US\"},{\"@type\":\"Organization\",\"@id\":\"https:\/\/www.chateau-de-montaupin.com\/#organization\",\"name\":\"Ch\u00e2teau de Montaupin\",\"url\":\"https:\/\/www.chateau-de-montaupin.com\/\",\"logo\":{\"@type\":\"ImageObject\",\"inLanguage\":\"en-US\",\"@id\":\"https:\/\/www.chateau-de-montaupin.com\/#\/schema\/logo\/image\/\",\"url\":\"https:\/\/www.chateau-de-montaupin.com\/wp-content\/uploads\/2021\/03\/LOGO-CHATEAU-MONTAUPIN-100.svg\",\"contentUrl\":\"https:\/\/www.chateau-de-montaupin.com\/wp-content\/uploads\/2021\/03\/LOGO-CHATEAU-MONTAUPIN-100.svg\",\"width\":1,\"height\":1,\"caption\":\"Ch\u00e2teau de Montaupin\"},\"image\":{\"@id\":\"https:\/\/www.chateau-de-montaupin.com\/#\/schema\/logo\/image\/\"}}]}<\/script>\n<!-- \/ Yoast SEO plugin. -->","yoast_head_json":{"title":"Our services - Ch\u00e2teau De Montaupin","robots":{"index":"index","follow":"follow","max-snippet":"max-snippet:-1","max-image-preview":"max-image-preview:large","max-video-preview":"max-video-preview:-1"},"canonical":"https:\/\/www.chateau-de-montaupin.com\/nos-prestations\/","og_locale":"en_US","og_type":"article","og_title":"Our services - Ch\u00e2teau De Montaupin","og_url":"https:\/\/www.chateau-de-montaupin.com\/nos-prestations\/","og_site_name":"Ch\u00e2teau De Montaupin","article_modified_time":"2021-08-10T12:32:23+00:00","twitter_card":"summary_large_image","schema":{"@context":"https:\/\/schema.org","@graph":[{"@type":"WebPage","@id":"https:\/\/www.chateau-de-montaupin.com\/nos-prestations\/","url":"https:\/\/www.chateau-de-montaupin.com\/nos-prestations\/","name":"Our services - Ch\u00e2teau De Montaupin","isPartOf":{"@id":"https:\/\/www.chateau-de-montaupin.com\/#website"},"datePublished":"2021-08-10T12:32:18+00:00","dateModified":"2021-08-10T12:32:23+00:00","breadcrumb":{"@id":"https:\/\/www.chateau-de-montaupin.com\/nos-prestations\/#breadcrumb"},"inLanguage":"en-US","potentialAction":[{"@type":"ReadAction","target":["https:\/\/www.chateau-de-montaupin.com\/nos-prestations\/"]}]},{"@type":"BreadcrumbList","@id":"https:\/\/www.chateau-de-montaupin.com\/nos-prestations\/#breadcrumb","itemListElement":[{"@type":"ListItem","position":1,"name":"Accueil","item":"https:\/\/www.chateau-de-montaupin.com\/"},{"@type":"ListItem","position":2,"name":"Our services"}]},{"@type":"WebSite","@id":"https:\/\/www.chateau-de-montaupin.com\/#website","url":"https:\/\/www.chateau-de-montaupin.com\/","name":"Ch\u00e2teau De Montaupin","description":"Votre s\u00e9jour tout confort","publisher":{"@id":"https:\/\/www.chateau-de-montaupin.com\/#organization"},"potentialAction":[{"@type":"SearchAction","target":{"@type":"EntryPoint","urlTemplate":"https:\/\/www.chateau-de-montaupin.com\/?s={search_term_string}"},"query-input":{"@type":"PropertyValueSpecification","valueRequired":true,"valueName":"search_term_string"}}],"inLanguage":"en-US"},{"@type":"Organization","@id":"https:\/\/www.chateau-de-montaupin.com\/#organization","name":"Ch\u00e2teau de Montaupin","url":"https:\/\/www.chateau-de-montaupin.com\/","logo":{"@type":"ImageObject","inLanguage":"en-US","@id":"https:\/\/www.chateau-de-montaupin.com\/#\/schema\/logo\/image\/","url":"https:\/\/www.chateau-de-montaupin.com\/wp-content\/uploads\/2021\/03\/LOGO-CHATEAU-MONTAUPIN-100.svg","contentUrl":"https:\/\/www.chateau-de-montaupin.com\/wp-content\/uploads\/2021\/03\/LOGO-CHATEAU-MONTAUPIN-100.svg","width":1,"height":1,"caption":"Ch\u00e2teau de Montaupin"},"image":{"@id":"https:\/\/www.chateau-de-montaupin.com\/#\/schema\/logo\/image\/"}}]}},"_links":{"self":[{"href":"https:\/\/www.chateau-de-montaupin.com\/en\/wp-json\/wp\/v2\/pages\/31474","targetHints":{"allow":["GET"]}}],"collection":[{"href":"https:\/\/www.chateau-de-montaupin.com\/en\/wp-json\/wp\/v2\/pages"}],"about":[{"href":"https:\/\/www.chateau-de-montaupin.com\/en\/wp-json\/wp\/v2\/types\/page"}],"author":[{"embeddable":true,"href":"https:\/\/www.chateau-de-montaupin.com\/en\/wp-json\/wp\/v2\/users\/1"}],"replies":[{"embeddable":true,"href":"https:\/\/www.chateau-de-montaupin.com\/en\/wp-json\/wp\/v2\/comments?post=31474"}],"version-history":[{"count":1,"href":"https:\/\/www.chateau-de-montaupin.com\/en\/wp-json\/wp\/v2\/pages\/31474\/revisions"}],"predecessor-version":[{"id":31476,"href":"https:\/\/www.chateau-de-montaupin.com\/en\/wp-json\/wp\/v2\/pages\/31474\/revisions\/31476"}],"wp:attachment":[{"href":"https:\/\/www.chateau-de-montaupin.com\/en\/wp-json\/wp\/v2\/media?parent=31474"}],"curies":[{"name":"wp","href":"https:\/\/api.w.org\/{rel}","templated":true}]}}